{"id":6205,"date":"2023-02-06T16:59:54","date_gmt":"2023-02-06T15:59:54","guid":{"rendered":"http:\/\/kathleenferrier.be\/fdlm\/?page_id=6205"},"modified":"2023-08-29T17:19:23","modified_gmt":"2023-08-29T15:19:23","slug":"rgpd","status":"publish","type":"page","link":"https:\/\/www.lesfilmsdelamemoire.be\/fr\/rgpd\/","title":{"rendered":"Vie Privee &#8211; CGU"},"content":{"rendered":"\t\t<div data-elementor-type=\"wp-page\" data-elementor-id=\"6205\" class=\"elementor elementor-6205\">\n\t\t\t\t\t\t\t\t\t<section class=\"elementor-section elementor-top-section elementor-element elementor-element-49cade3 elementor-section-boxed elementor-section-height-default elementor-section-height-default qodef-elementor-content-no\" data-id=\"49cade3\" data-element_type=\"section\">\n\t\t\t\t\t\t<div class=\"elementor-container elementor-column-gap-default\">\n\t\t\t\t\t<div class=\"elementor-column elementor-col-100 elementor-top-column elementor-element elementor-element-cd270b9\" data-id=\"cd270b9\" data-element_type=\"column\">\n\t\t\t<div class=\"elementor-widget-wrap elementor-element-populated\">\n\t\t\t\t\t\t\t\t<section class=\"elementor-section elementor-inner-section elementor-element elementor-element-0dccdd1 elementor-section-boxed elementor-section-height-default elementor-section-height-default qodef-elementor-content-no\" data-id=\"0dccdd1\" data-element_type=\"section\">\n\t\t\t\t\t\t<div class=\"elementor-container elementor-column-gap-default\">\n\t\t\t\t\t<div class=\"elementor-column elementor-col-100 elementor-inner-column elementor-element elementor-element-ef4e9ad\" data-id=\"ef4e9ad\" data-element_type=\"column\">\n\t\t\t<div class=\"elementor-widget-wrap elementor-element-populated\">\n\t\t\t\t\t\t\t\t<div class=\"elementor-element elementor-element-b1ae6ac elementor-widget elementor-widget-text-editor\" data-id=\"b1ae6ac\" data-element_type=\"widget\" data-widget_type=\"text-editor.default\">\n\t\t\t\t<div class=\"elementor-widget-container\">\n\t\t\t\t\t\t\t<h3 style=\"text-align: center;\">Politique de protection de la vie priv\u00e9e<br \/>Conditions g\u00e9n\u00e9rales d&rsquo;utilisation<\/h3>\t\t\t\t\t\t<\/div>\n\t\t\t\t<\/div>\n\t\t\t\t\t<\/div>\n\t\t<\/div>\n\t\t\t\t\t\t\t<\/div>\n\t\t<\/section>\n\t\t\t\t\t<\/div>\n\t\t<\/div>\n\t\t\t\t\t\t\t<\/div>\n\t\t<\/section>\n\t\t\t\t<section class=\"elementor-section elementor-top-section elementor-element elementor-element-3e16d46 elementor-section-boxed elementor-section-height-default elementor-section-height-default qodef-elementor-content-no\" data-id=\"3e16d46\" data-element_type=\"section\">\n\t\t\t\t\t\t<div class=\"elementor-container elementor-column-gap-default\">\n\t\t\t\t\t<div class=\"elementor-column elementor-col-100 elementor-top-column elementor-element elementor-element-e218bc5\" data-id=\"e218bc5\" data-element_type=\"column\">\n\t\t\t<div class=\"elementor-widget-wrap elementor-element-populated\">\n\t\t\t\t\t\t\t\t<div class=\"elementor-element elementor-element-14b0068 elementor-widget elementor-widget-text-editor\" data-id=\"14b0068\" data-element_type=\"widget\" data-widget_type=\"text-editor.default\">\n\t\t\t\t<div class=\"elementor-widget-container\">\n\t\t\t\t\t\t\t<p style=\"text-align: center;\">Nous ne collectons ni ne stockons aucune donn\u00e9e sur notre site web.<\/p><p style=\"text-align: center;\">Si vous nous envoyez un message par l&rsquo;interm\u00e9diaire de notre site web,<br \/>nous le recevrons comme un courrier \u00e9lectronique ordinaire.<br \/>Il ne sera pas stock\u00e9 ailleurs.<\/p><p style=\"text-align: center;\">La plupart de nos films sont disponibles en streaming via notre partenaire <i class=\"fa fa-external-link\"><\/i> <span style=\"text-decoration: underline;\"><a href=\"https:\/\/vimeo.com\/lesfilmsdelamemoire\/vod_pages\">Vimeo<\/a><\/span>.<br \/>Si vous louez ou achetez un film sur notre site web, les conditions g\u00e9n\u00e9rales de Vimeo s&rsquo;appliquent.<\/p><p style=\"text-align: center;\">Il est possible de se connecter \u00e0 Vimeo via un compte <i class=\"fa fa-external-link\"><\/i> <span style=\"text-decoration: underline;\"><a href=\"https:\/\/www.google.com\/\">Google<\/a><\/span> ou <i class=\"fa fa-external-link\"><\/i> <span style=\"text-decoration: underline;\"><a href=\"https:\/\/www.facebook.com\/\">Facebook<\/a><\/span>.<br \/>Dans ce cas, leurs conditions d&rsquo;utilisation respectives s&rsquo;appliquent.<\/p><p style=\"text-align: center;\">Vous pouvez nous <span style=\"text-decoration: underline;\"><a href=\"https:\/\/www.lesfilmsdelamemoire.be\/fr\/contact\/\">contacter<\/a><\/span> pour toute question.<\/p>\t\t\t\t\t\t<\/div>\n\t\t\t\t<\/div>\n\t\t\t\t\t<\/div>\n\t\t<\/div>\n\t\t\t\t\t\t\t<\/div>\n\t\t<\/section>\n\t\t\t\t\t\t\t<\/div>\n\t\t","protected":false},"excerpt":{"rendered":"<p>Politique de protection de la vie priv\u00e9eConditions g\u00e9n\u00e9rales d&rsquo;utilisation Nous ne collectons ni ne stockons aucune donn\u00e9e sur notre site web. Si vous nous envoyez un message par l&rsquo;interm\u00e9diaire de notre site web,nous le recevrons comme un courrier \u00e9lectronique ordinaire.Il ne sera pas stock\u00e9 ailleurs. La plupart de nos films sont disponibles en streaming via [&hellip;]<\/p>\n","protected":false},"author":1,"featured_media":0,"parent":0,"menu_order":0,"comment_status":"closed","ping_status":"closed","template":"","meta":{"_themeisle_gutenberg_block_has_review":false,"footnotes":""},"class_list":["post-6205","page","type-page","status-publish","hentry"],"_links":{"self":[{"href":"https:\/\/www.lesfilmsdelamemoire.be\/fr\/wp-json\/wp\/v2\/pages\/6205","targetHints":{"allow":["GET"]}}],"collection":[{"href":"https:\/\/www.lesfilmsdelamemoire.be\/fr\/wp-json\/wp\/v2\/pages"}],"about":[{"href":"https:\/\/www.lesfilmsdelamemoire.be\/fr\/wp-json\/wp\/v2\/types\/page"}],"author":[{"embeddable":true,"href":"https:\/\/www.lesfilmsdelamemoire.be\/fr\/wp-json\/wp\/v2\/users\/1"}],"replies":[{"embeddable":true,"href":"https:\/\/www.lesfilmsdelamemoire.be\/fr\/wp-json\/wp\/v2\/comments?post=6205"}],"version-history":[{"count":42,"href":"https:\/\/www.lesfilmsdelamemoire.be\/fr\/wp-json\/wp\/v2\/pages\/6205\/revisions"}],"predecessor-version":[{"id":9598,"href":"https:\/\/www.lesfilmsdelamemoire.be\/fr\/wp-json\/wp\/v2\/pages\/6205\/revisions\/9598"}],"wp:attachment":[{"href":"https:\/\/www.lesfilmsdelamemoire.be\/fr\/wp-json\/wp\/v2\/media?parent=6205"}],"curies":[{"name":"wp","href":"https:\/\/api.w.org\/{rel}","templated":true}]}}